{"id":10029,"date":"2016-06-06T17:09:13","date_gmt":"2016-06-06T21:09:13","guid":{"rendered":"http:\/\/cam.postimage.net\/cam\/fr\/midwifery-education\/"},"modified":"2023-03-30T12:40:07","modified_gmt":"2023-03-30T16:40:07","slug":"become-a-midwife","status":"publish","type":"page","link":"https:\/\/indigenousmidwifery.ca\/fr\/become-a-midwife\/","title":{"rendered":"Become a Midwife"},"content":{"rendered":"<p>[vc_row css=\u00a0\u00bb.vc_custom_1538651626056{margin-top: -80px !important;}\u00a0\u00bb][vc_column width=\u00a0\u00bb2\/3&Prime;][vc_column_text css=\u00a0\u00bb.vc_custom_1619195535434{margin-bottom: 20px !important;}\u00a0\u00bb]<\/p>\n<h3><strong><span style=\"color: #4e0096;\">Call for Interest: Expanding Community-based Indigenous Midwifery Education<\/span><\/strong><\/h3>\n<p>[\/vc_column_text][vc_column_text css=\u00a0\u00bb.vc_custom_1680194364377{margin-bottom: 20px !important;}\u00a0\u00bb]NICM is seeking communities interested in participating in a project that aims to expand opportunities to community-based Indigenous midwifery education. The project aims to bring midwifery education opportunities as close to home as possible to aspiring Indigenous midwifery students.<\/p>\n<p>Applications for the enrollment in this project are for 2021\/2022.[\/vc_column_text][vc_btn title=\u00a0\u00bbRead the Call for Interest\u00a0\u00bb link=\u00a0\u00bburl:https%3A%2F%2Findigenousmidwifery.ca%2Fwp-content%2Fuploads%2F2021%2F05%2FCallforInterest_IME_CommunityParticipation_20210507.pdf|target:_blank\u00a0\u00bb][vc_separator][vc_column_text css=\u00a0\u00bb.vc_custom_1538598839089{margin-bottom: 20px !important;}\u00a0\u00bb]<\/p>\n<h3><span style=\"color: #4e0096;\">Where there are services, there will be education<\/span><\/h3>\n<p>[\/vc_column_text][vc_column_text css=\u00a0\u00bb.vc_custom_1554727896901{margin-bottom: 20px !important;}\u00a0\u00bb]<\/p>\n<h4>Our vision inspired us to begin to articulate the core competencies of Indigenous midwifery. This is a key component in our aim to increase the pathways to education, decolonize training experiences, remove funding barriers to midwifery practice, and support\u00a0retention.<\/h4>\n<p>There are many paths to becoming a midwife. Education is an essential part of restoring midwifery to Indigenous peoples across Canada. This knowledge must be\u00a0brought home to our\u00a0communities.<\/p>\n<p>All midwifery education programs provide a combination of classroom\u2011based or academic learning and, clinical placements or apprenticeship in midwifery clinics. Midwifery education includes courses from the social sciences, humanities, and sciences. Teaching methods include lectures, seminars, laboratories, distance learning and mentorship. Regardless of the program you enter, midwifery education takes place in many settings, including university or college campuses, midwifery clinics, hospitals, and birth centres. Currently, most midwifery programs expect that you will be willing to relocate for parts of your education\u00a0program.<\/p>\n<p>Midwifery education gives students the opportunity to develop both the hands-on clinical skills and theoretical knowledge necessary to be primary caregivers for people, babies, and their families throughout pregnancy, birth and the first\u00a0six\u00a0weeks\u00a0postpartum.[\/vc_column_text][vc_column_text]<\/p>\n<h3>COMMUNITY-BASED PROGRAMS<\/h3>\n<p>There are currently two community-based programs, offered in three\u00a0Indigenous communities in Canada. For more information, please contact the programs\u00a0directly.<\/p>\n<hr \/>\n<h3><span style=\"color: #3251cf;\">ONTARIO<\/span><\/h3>\n<h4><a href=\"http:\/\/www.snhs.ca\/BirthingCentre.htm\" target=\"_blank\" rel=\"noopener noreferrer\">Tsi Non:we lonnakeratstha Ona:grahsta\u2019 Aboriginal Midwifery Training\u00a0Program<\/a><\/h4>\n<p>The Tsi Non:we lonnakeratstha Ona: grahsta\u2019 Aboriginal Midwifery Training Program is three years in length, and consists of tutorials that address Indigenous women\u2019s unique health issues. The program combines western obstetrical practices and standards with traditional Indigenous practices and standards. All training components are completed at the Maternal and Child Centre with Aboriginal midwife\u00a0instructors.<\/p>\n<h3><span style=\"color: #3251cf;\">QUEBEC<\/span><\/h3>\n<h4><a href=\"https:\/\/www.inuulitsivik.ca\/healthcare-and-services\/professional-services\/midwives\/?lang=en\" target=\"_blank\" rel=\"noopener noreferrer\">Inuulitsivik Midwife Training\u00a0Program<\/a><\/h4>\n<p>The program is an academic and clinical education program for Inuit women working in their own communities on the Hudson and Ungava Coasts of Nunavik (Northern Quebec). The program uses a modular, competency-based curriculum. The program emphasizes learning in ways appropriate to Inuit culture, including learning in the Inuktitut language, and focuses on the role of the midwife in community health, especially in the areas of sexual health and well woman care. This program is offered through maternity programs in health centres on the Hudson and Ungava coasts in\u00a0Quebec.[\/vc_column_text][\/vc_column][vc_column width=\u00a0\u00bb1\/3&Prime;][vc_column_text]<\/p>\n<h3>UNIVERSITY-BASED PROGRAMS<\/h3>\n<p>The midwifery education program is a direct entry (no previous degree or health care training required), four\u2011year baccalaureate program. There are six\u00a0university\u2011based midwifery education programs available in Canada. Each program administers exams recognized by their respective provincial regulatory\u00a0bodies.[\/vc_column_text][vc_tta_accordion style=\u00a0\u00bboutline\u00a0\u00bb color=\u00a0\u00bbgreen\u00a0\u00bb active_section=\u00a0\u00bb20&Prime; collapsible_all=\u00a0\u00bbtrue\u00a0\u00bb][vc_tta_section title=\u00a0\u00bbONTARIO\u00a0\u00bb tab_id=\u00a0\u00bb1530878671991-49f40663-58bb\u00a0\u00bb][vc_column_text]<\/p>\n<h5><span style=\"color: #3251cf;\">McMaster University<\/span><\/h5>\n<p>Michael G. DeGroote Centre for Learning &amp; Discovery<br \/>\n<span class=\"s1\">(MDCL) Second Fl., 2210<br \/>\n1280 Main Street West<br \/>\nHamilton, ON\u00a0\u00a0L8S 4K1<br \/>\n905 525-9140, extension 26654<\/span><\/p>\n<p><a href=\"https:\/\/fhs.mcmaster.ca\/midwifery\/\" target=\"_blank\" rel=\"noopener noreferrer\">McMaster Midwifery Education Program<\/a><\/p>\n<p>This program is offered in English\u00a0only.<\/p>\n<hr \/>\n<h5><span style=\"color: #3251cf;\">Toronto Metropolitan University<\/span><\/h5>\n<p>350 Victoria Street<br \/>\nToronto, ON\u00a0 M5B 2K3<br \/>\n416 979-5104<\/p>\n<p>email:\u00a0<a href=\"mailto:jcabanat@ryerson.ca\">jcabanat@ryerson.ca<\/a><\/p>\n<p><a href=\"http:\/\/www.ryerson.ca\/midwife\" target=\"_blank\" rel=\"noopener noreferrer\">Midwifery Education Program<\/a><\/p>\n<p>This program is offered in English only. This program offers both full-time and part-time studies.[\/vc_column_text][\/vc_tta_section][vc_tta_section title=\u00a0\u00bbQUEBEC\u00a0\u00bb tab_id=\u00a0\u00bb1465331666747-9554f316-8aa0&Prime;][vc_column_text]<\/p>\n<h5><span style=\"color: #3251cf;\">Universit\u00e9 du Qu\u00e9bec \u00e0 Trois\u2011Rivi\u00e8res<\/span><\/h5>\n<p class=\"p1\"><span class=\"s1\">3351, boul. des Forges<br \/>\nTrois-Rivi\u00e8res, QC\u00a0 G9A 5H7<br \/>\n819 376-5011, extension 4065<\/span><\/p>\n<p class=\"p1\"><span class=\"s1\">email:\u00a0\u00a0<a href=\"mailto:sage.femme@uqtr.ca\"><span class=\"s2\">sage.femme@uqtr.ca<\/span><\/a><\/span><\/p>\n<p><a href=\"http:\/\/www.uqtr.ca\/sage-femme\" target=\"_blank\" rel=\"noopener noreferrer\">Baccalaur\u00e9at en pratique sage\u2011femme<\/a><\/p>\n<p>This program is offered in French\u00a0only.[\/vc_column_text][\/vc_tta_section][vc_tta_section title=\u00a0\u00bbBRITISH COLUMBIA\u00a0\u00bb tab_id=\u00a0\u00bb1465331807737-16fe6ce5-d1f4&Prime;][vc_column_text]<\/p>\n<h5><span style=\"color: #3251cf;\">University of British Columbia<\/span><\/h5>\n<p class=\"p1\"><span class=\"s1\">Suite 320 &#8211; 5950 University Boulevard<br \/>\n<\/span><span class=\"s1\">Vancouver,\u00a0BC \u00a0V6T 1Z3<br \/>\n<\/span><span class=\"s1\">604 822-0352<br \/>\n<\/span><\/p>\n<p class=\"p1\"><span class=\"s2\">email:\u00a0<a href=\"mailto:info@midwifery.ubc.ca\"><span class=\"s3\">info@midwifery.ubc.ca<\/span><\/a><\/span><\/p>\n<p><a href=\"http:\/\/www.midwifery.ubc.ca\/\" target=\"_blank\" rel=\"noopener noreferrer\">Midwifery Program<\/a><\/p>\n<p>This program is offered in English\u00a0only.[\/vc_column_text][\/vc_tta_section][vc_tta_section title=\u00a0\u00bbALBERTA\u00a0\u00bb tab_id=\u00a0\u00bb1465331984403-840cecef-767c\u00a0\u00bb][vc_column_text]<\/p>\n<h5><span style=\"color: #3251cf;\">Mount Royal University<\/span><\/h5>\n<p>4825 Mount Royal Gate SW<br \/>\nCalgary, AB\u00a0 T3E 6K6<br \/>\n<span class=\"s1\">403 440-8574<br \/>\nToll Free: 1-888-240-7201<br \/>\n<\/span><\/p>\n<p><span class=\"s1\">email:\u00a0<a href=\"mailto:midwifery@mtroyal.ca\"><span class=\"s2\">midwifery@mtroyal.ca<\/span><\/a><\/span><\/p>\n<p><span class=\"s1\">\u00a0<a href=\"http:\/\/www.mtroyal.ca\/ProgramsCourses\/FacultiesSchoolsCentres\/HealthCommunityEducation\/Programs\/BachelorofMidwifery\/index.htm\" target=\"_blank\" rel=\"noopener noreferrer\">Bachelor of Midwifery<\/a><\/span><\/p>\n<p class=\"p2\"><span class=\"s2\">This program is offered in English\u00a0only.<\/span><\/p>\n<p>[\/vc_column_text][\/vc_tta_section][vc_tta_section title=\u00a0\u00bbMANITOBA\u00a0\u00bb tab_id=\u00a0\u00bb1589377321954-54628d7f-9386&Prime;][vc_column_text]<\/p>\n<h5><span style=\"color: #3251cf;\">University of Manitoba<\/span><\/h5>\n<p>College of Nursing, Rady Faculty of Health Sciences<br \/>\nHelen Glass Centre for Nursing, 89 Curry Place<br \/>\nUniversity of Manitoba, Winnipeg, MB R3T 2N2 Canada<br \/>\nPhone: 204-474-7452<br \/>\nToll Free: 1-800-432-1960 ext 7452<\/p>\n<p><a href=\"https:\/\/umanitoba.ca\/faculties\/nursing\/undergrad\/bachelor-of-midwifery-program.html\" target=\"_blank\" rel=\"noopener noreferrer\">Bachelor of Midwifery Program<\/a><\/p>\n<p>&nbsp;<\/p>\n<p>General inquiries:\u00a0<a href=\"mailto:nursing@umanitoba.ca\"><span id=\"eeb-651677-282698\">nursing@umanitoba.ca<\/span><\/a><\/p>\n<p><strong>Student Advisor \/ Registration Services<em><br \/>\n<\/em><\/strong>Lauren Ivonchuk, BA<br \/>\n204-474-9955<br \/>\n<a class=\"mail-link\" href=\"mailto:Lauren.Ivonchuk@umanitoba.ca\" data-enc-email=\"Ynhera.Vibapuhx[at]hznavgbon.pn\" data-wpel-link=\"ignore\"><span id=\"eeb-740403-13152\">Lauren.Ivonchuk@umanitoba.ca<\/span><\/a><\/p>\n<p>The student advisor will be able to guide on an individual level whatever questions a student might have.<\/p>\n<p>This program is offered in English only.[\/vc_column_text][\/vc_tta_section][\/vc_tta_accordion][vc_single_image image=\u00a0\u00bb26974&Prime; img_size=\u00a0\u00bbfull\u00a0\u00bb onclick=\u00a0\u00bblink_image\u00a0\u00bb][\/vc_column][\/vc_row]<\/p>\n","protected":false},"excerpt":{"rendered":"<p>Our aim is to increase the pathways to education, decolonize training experiences, remove funding barriers to midwifery practice, and support&nbsp;retention.<\/p>\n","protected":false},"author":131,"featured_media":26974,"parent":0,"menu_order":220,"comment_status":"closed","ping_status":"closed","template":"","meta":{"footnotes":""},"class_list":["post-10029","page","type-page","status-publish","has-post-thumbnail","hentry"],"yoast_head":"<!-- This site is optimized with the Yoast SEO plugin v27.4 - https:\/\/yoast.com\/product\/yoast-seo-wordpress\/ -->\n<title>Become a Midwife - ACSF<\/title>\n<meta name=\"robots\" content=\"index, follow, max-snippet:-1, max-image-preview:large, max-video-preview:-1\" \/>\n<link rel=\"canonical\" href=\"https:\/\/indigenousmidwifery.ca\/fr\/become-a-midwife\/\" \/>\n<meta property=\"og:locale\" content=\"fr_FR\" \/>\n<meta property=\"og:type\" content=\"article\" \/>\n<meta property=\"og:title\" content=\"Become a Midwife - ACSF\" \/>\n<meta property=\"og:description\" content=\"Our aim is to increase the pathways to education, decolonize training experiences, remove funding barriers to midwifery practice, and support&nbsp;retention.\" \/>\n<meta property=\"og:url\" content=\"https:\/\/indigenousmidwifery.ca\/fr\/become-a-midwife\/\" \/>\n<meta property=\"og:site_name\" content=\"ACSF\" \/>\n<meta property=\"article:modified_time\" content=\"2023-03-30T16:40:07+00:00\" \/>\n<meta property=\"og:image\" content=\"https:\/\/indigenousmidwifery.ca\/sites\/indigenousmidwifery.ca\/wp-content\/uploads\/2018\/11\/Nath-weighing.jpg\" \/>\n\t<meta property=\"og:image:width\" content=\"1024\" \/>\n\t<meta property=\"og:image:height\" content=\"1459\" \/>\n\t<meta property=\"og:image:type\" content=\"image\/jpeg\" \/>\n<meta name=\"twitter:card\" content=\"summary_large_image\" \/>\n<meta name=\"twitter:label1\" content=\"Dur\u00e9e de lecture estim\u00e9e\" \/>\n\t<meta name=\"twitter:data1\" content=\"5 minutes\" \/>\n<script type=\"application\/ld+json\" class=\"yoast-schema-graph\">{\"@context\":\"https:\\\/\\\/schema.org\",\"@graph\":[{\"@type\":\"WebPage\",\"@id\":\"https:\\\/\\\/indigenousmidwifery.ca\\\/fr\\\/become-a-midwife\\\/\",\"url\":\"https:\\\/\\\/indigenousmidwifery.ca\\\/fr\\\/become-a-midwife\\\/\",\"name\":\"Become a Midwife - ACSF\",\"isPartOf\":{\"@id\":\"https:\\\/\\\/indigenousmidwifery.ca\\\/#website\"},\"primaryImageOfPage\":{\"@id\":\"https:\\\/\\\/indigenousmidwifery.ca\\\/fr\\\/become-a-midwife\\\/#primaryimage\"},\"image\":{\"@id\":\"https:\\\/\\\/indigenousmidwifery.ca\\\/fr\\\/become-a-midwife\\\/#primaryimage\"},\"thumbnailUrl\":\"https:\\\/\\\/indigenousmidwifery.ca\\\/sites\\\/indigenousmidwifery.ca\\\/wp-content\\\/uploads\\\/2018\\\/11\\\/Nath-weighing.jpg\",\"datePublished\":\"2016-06-06T21:09:13+00:00\",\"dateModified\":\"2023-03-30T16:40:07+00:00\",\"breadcrumb\":{\"@id\":\"https:\\\/\\\/indigenousmidwifery.ca\\\/fr\\\/become-a-midwife\\\/#breadcrumb\"},\"inLanguage\":\"fr-FR\",\"potentialAction\":[{\"@type\":\"ReadAction\",\"target\":[\"https:\\\/\\\/indigenousmidwifery.ca\\\/fr\\\/become-a-midwife\\\/\"]}]},{\"@type\":\"ImageObject\",\"inLanguage\":\"fr-FR\",\"@id\":\"https:\\\/\\\/indigenousmidwifery.ca\\\/fr\\\/become-a-midwife\\\/#primaryimage\",\"url\":\"https:\\\/\\\/indigenousmidwifery.ca\\\/sites\\\/indigenousmidwifery.ca\\\/wp-content\\\/uploads\\\/2018\\\/11\\\/Nath-weighing.jpg\",\"contentUrl\":\"https:\\\/\\\/indigenousmidwifery.ca\\\/sites\\\/indigenousmidwifery.ca\\\/wp-content\\\/uploads\\\/2018\\\/11\\\/Nath-weighing.jpg\",\"width\":1024,\"height\":1459,\"caption\":\"M\u00e9tis midwife Nathalie&nbsp;Pambrun weighs&nbsp;baby.\"},{\"@type\":\"BreadcrumbList\",\"@id\":\"https:\\\/\\\/indigenousmidwifery.ca\\\/fr\\\/become-a-midwife\\\/#breadcrumb\",\"itemListElement\":[{\"@type\":\"ListItem\",\"position\":1,\"name\":\"Home\",\"item\":\"https:\\\/\\\/indigenousmidwifery.ca\\\/fr\\\/home\\\/\"},{\"@type\":\"ListItem\",\"position\":2,\"name\":\"Become a Midwife\"}]},{\"@type\":\"WebSite\",\"@id\":\"https:\\\/\\\/indigenousmidwifery.ca\\\/#website\",\"url\":\"https:\\\/\\\/indigenousmidwifery.ca\\\/\",\"name\":\"ACSF\",\"description\":\"Association canadienne des sages-femmes\",\"potentialAction\":[{\"@type\":\"SearchAction\",\"target\":{\"@type\":\"EntryPoint\",\"urlTemplate\":\"https:\\\/\\\/indigenousmidwifery.ca\\\/?s={search_term_string}\"},\"query-input\":{\"@type\":\"PropertyValueSpecification\",\"valueRequired\":true,\"valueName\":\"search_term_string\"}}],\"inLanguage\":\"fr-FR\"}]}<\/script>\n<!-- \/ Yoast SEO plugin. -->","yoast_head_json":{"title":"Become a Midwife - ACSF","robots":{"index":"index","follow":"follow","max-snippet":"max-snippet:-1","max-image-preview":"max-image-preview:large","max-video-preview":"max-video-preview:-1"},"canonical":"https:\/\/indigenousmidwifery.ca\/fr\/become-a-midwife\/","og_locale":"fr_FR","og_type":"article","og_title":"Become a Midwife - ACSF","og_description":"Our aim is to increase the pathways to education, decolonize training experiences, remove funding barriers to midwifery practice, and support&nbsp;retention.","og_url":"https:\/\/indigenousmidwifery.ca\/fr\/become-a-midwife\/","og_site_name":"ACSF","article_modified_time":"2023-03-30T16:40:07+00:00","og_image":[{"width":1024,"height":1459,"url":"https:\/\/indigenousmidwifery.ca\/sites\/indigenousmidwifery.ca\/wp-content\/uploads\/2018\/11\/Nath-weighing.jpg","type":"image\/jpeg"}],"twitter_card":"summary_large_image","twitter_misc":{"Dur\u00e9e de lecture estim\u00e9e":"5 minutes"},"schema":{"@context":"https:\/\/schema.org","@graph":[{"@type":"WebPage","@id":"https:\/\/indigenousmidwifery.ca\/fr\/become-a-midwife\/","url":"https:\/\/indigenousmidwifery.ca\/fr\/become-a-midwife\/","name":"Become a Midwife - ACSF","isPartOf":{"@id":"https:\/\/indigenousmidwifery.ca\/#website"},"primaryImageOfPage":{"@id":"https:\/\/indigenousmidwifery.ca\/fr\/become-a-midwife\/#primaryimage"},"image":{"@id":"https:\/\/indigenousmidwifery.ca\/fr\/become-a-midwife\/#primaryimage"},"thumbnailUrl":"https:\/\/indigenousmidwifery.ca\/sites\/indigenousmidwifery.ca\/wp-content\/uploads\/2018\/11\/Nath-weighing.jpg","datePublished":"2016-06-06T21:09:13+00:00","dateModified":"2023-03-30T16:40:07+00:00","breadcrumb":{"@id":"https:\/\/indigenousmidwifery.ca\/fr\/become-a-midwife\/#breadcrumb"},"inLanguage":"fr-FR","potentialAction":[{"@type":"ReadAction","target":["https:\/\/indigenousmidwifery.ca\/fr\/become-a-midwife\/"]}]},{"@type":"ImageObject","inLanguage":"fr-FR","@id":"https:\/\/indigenousmidwifery.ca\/fr\/become-a-midwife\/#primaryimage","url":"https:\/\/indigenousmidwifery.ca\/sites\/indigenousmidwifery.ca\/wp-content\/uploads\/2018\/11\/Nath-weighing.jpg","contentUrl":"https:\/\/indigenousmidwifery.ca\/sites\/indigenousmidwifery.ca\/wp-content\/uploads\/2018\/11\/Nath-weighing.jpg","width":1024,"height":1459,"caption":"M\u00e9tis midwife Nathalie&nbsp;Pambrun weighs&nbsp;baby."},{"@type":"BreadcrumbList","@id":"https:\/\/indigenousmidwifery.ca\/fr\/become-a-midwife\/#breadcrumb","itemListElement":[{"@type":"ListItem","position":1,"name":"Home","item":"https:\/\/indigenousmidwifery.ca\/fr\/home\/"},{"@type":"ListItem","position":2,"name":"Become a Midwife"}]},{"@type":"WebSite","@id":"https:\/\/indigenousmidwifery.ca\/#website","url":"https:\/\/indigenousmidwifery.ca\/","name":"ACSF","description":"Association canadienne des sages-femmes","potentialAction":[{"@type":"SearchAction","target":{"@type":"EntryPoint","urlTemplate":"https:\/\/indigenousmidwifery.ca\/?s={search_term_string}"},"query-input":{"@type":"PropertyValueSpecification","valueRequired":true,"valueName":"search_term_string"}}],"inLanguage":"fr-FR"}]}},"_links":{"self":[{"href":"https:\/\/indigenousmidwifery.ca\/fr\/wp-json\/wp\/v2\/pages\/10029","targetHints":{"allow":["GET"]}}],"collection":[{"href":"https:\/\/indigenousmidwifery.ca\/fr\/wp-json\/wp\/v2\/pages"}],"about":[{"href":"https:\/\/indigenousmidwifery.ca\/fr\/wp-json\/wp\/v2\/types\/page"}],"author":[{"embeddable":true,"href":"https:\/\/indigenousmidwifery.ca\/fr\/wp-json\/wp\/v2\/users\/131"}],"replies":[{"embeddable":true,"href":"https:\/\/indigenousmidwifery.ca\/fr\/wp-json\/wp\/v2\/comments?post=10029"}],"version-history":[{"count":3,"href":"https:\/\/indigenousmidwifery.ca\/fr\/wp-json\/wp\/v2\/pages\/10029\/revisions"}],"predecessor-version":[{"id":32517,"href":"https:\/\/indigenousmidwifery.ca\/fr\/wp-json\/wp\/v2\/pages\/10029\/revisions\/32517"}],"wp:featuredmedia":[{"embeddable":true,"href":"https:\/\/indigenousmidwifery.ca\/fr\/wp-json\/wp\/v2\/media\/26974"}],"wp:attachment":[{"href":"https:\/\/indigenousmidwifery.ca\/fr\/wp-json\/wp\/v2\/media?parent=10029"}],"curies":[{"name":"wp","href":"https:\/\/api.w.org\/{rel}","templated":true}]}}